{"id":3332,"date":"2021-09-29T20:44:02","date_gmt":"2021-09-29T20:44:02","guid":{"rendered":"https:\/\/demo.gloriathemes.com\/loquet\/demo\/?page_id=3332"},"modified":"2021-09-29T20:44:02","modified_gmt":"2021-09-29T20:44:02","slug":"museum-listing-4","status":"publish","type":"page","link":"https:\/\/loquet.le-co.fr\/index.php\/museum-listing-4\/","title":{"rendered":"Museum Listing 4"},"content":{"rendered":"\t\t<div data-elementor-type=\"wp-page\" data-elementor-id=\"3332\" class=\"elementor elementor-3332\" data-elementor-settings=\"[]\">\n\t\t\t\t\t\t\t<div class=\"elementor-section-wrap\">\n\t\t\t\t\t\t\t<section class=\"elementor-section elementor-top-section elementor-element elementor-element-b6d004c elementor-section-full_width elementor-section-height-default elementor-section-height-default\" data-id=\"b6d004c\" data-element_type=\"section\">\n\t\t\t\t\t\t<div class=\"elementor-container elementor-column-gap-no\">\n\t\t\t\t\t<div class=\"elementor-column elementor-col-100 elementor-top-column elementor-element elementor-element-b5689e4\" data-id=\"b5689e4\" data-element_type=\"column\">\n\t\t\t<div class=\"elementor-widget-wrap elementor-element-populated\">\n\t\t\t\t\t\t\t\t<div class=\"elementor-element elementor-element-c43af85 elementor-widget elementor-widget-loquet-museums-widget\" data-id=\"c43af85\" data-element_type=\"widget\" data-widget_type=\"loquet-museums-widget.default\">\n\t\t\t\t<div class=\"elementor-widget-container\">\n\t\t\t<div class=\"gt-museum-listing  gt-style-2 gt-light gt-align-center\"><div class=\"gt-grid gt-grid-2 gt-spacing-20\"><div class=\"gt-grid-col\"><div class=\"gt-item\"><div class=\"gt-image\"><a href=\"https:\/\/loquet.le-co.fr\/index.php\/museum\/archer-historical-society\/\"><img width=\"590\" height=\"440\" src=\"https:\/\/loquet.le-co.fr\/wp-content\/uploads\/2021\/09\/museum-directory-20-590x440.jpg\" class=\"attachment-loquet-museum-1 size-loquet-museum-1 wp-post-image\" alt=\"\" loading=\"lazy\" \/><\/a><\/div><div class=\"gt-content\"><div class=\"gt-category\"><ul><li><a href=\"https:\/\/loquet.le-co.fr\/index.php\/museum-category\/anthropology\/?post_type=museum\">Anthropology<\/a><\/li><\/ul><\/div><div class=\"gt-title\"><a href=\"https:\/\/loquet.le-co.fr\/index.php\/museum\/archer-historical-society\/\">Archer Historical Society<\/a><\/div><div class=\"gt-text\"><p>Quisque eu arcu in dolor accumsan sollicitudin sit amet quis sem. Nullam justo nulla, efficitur ac elit nec, suscipit finibus quam. Duis metus felis, semper et sapien vitae porttitor.<\/p>\n<\/div><div class=\"gt-line\"><\/div><div class=\"gt-details\"><div class=\"gt-detail-item\" title=\"Opening Hours\" gt-tooltip=\"true\"><div class=\"gt-icon\"><svg xmlns=\"http:\/\/www.w3.org\/2000\/svg\" width=\"24\" height=\"24\" viewBox=\"0 0 24 24\" fill=\"none\" stroke=\"currentColor\" stroke-width=\"2\" stroke-linecap=\"round\" stroke-linejoin=\"round\"><circle cx=\"12\" cy=\"12\" r=\"10\"><\/circle><polyline points=\"12 6 12 12 16 14\"><\/polyline><\/svg><\/div>9:30 - 18:00, Monday Until 20:00<\/div><div class=\"gt-detail-item\" title=\"Address\" gt-tooltip=\"true\"><div class=\"gt-icon\"><svg xmlns=\"http:\/\/www.w3.org\/2000\/svg\" width=\"24\" height=\"24\" viewBox=\"0 0 24 24\" fill=\"none\" stroke=\"currentColor\" stroke-width=\"2\" stroke-linecap=\"round\" stroke-linejoin=\"round\"><polygon points=\"1 6 1 22 8 18 16 22 23 18 23 2 16 6 8 2 1 6\"><\/polygon><line x1=\"8\" y1=\"2\" x2=\"8\" y2=\"18\"><\/line><line x1=\"16\" y1=\"6\" x2=\"16\" y2=\"22\"><\/line><\/svg><\/div>150 London Wall, Barbican, London EC2Y 8AA, Birle\u015fik Krall\u0131k<\/div><\/div><\/div><\/div><\/div><div class=\"gt-grid-col\"><div class=\"gt-item\"><div class=\"gt-image\"><a href=\"https:\/\/loquet.le-co.fr\/index.php\/museum\/silent-gallery\/\"><img width=\"590\" height=\"440\" src=\"https:\/\/loquet.le-co.fr\/wp-content\/uploads\/2021\/09\/museum-directory-14-590x440.jpg\" class=\"attachment-loquet-museum-1 size-loquet-museum-1 wp-post-image\" alt=\"\" loading=\"lazy\" \/><\/a><\/div><div class=\"gt-content\"><div class=\"gt-category\"><ul><li><a href=\"https:\/\/loquet.le-co.fr\/index.php\/museum-category\/botanical-garden\/?post_type=museum\">Botanical Garden<\/a><\/li><\/ul><\/div><div class=\"gt-title\"><a href=\"https:\/\/loquet.le-co.fr\/index.php\/museum\/silent-gallery\/\">Silent Gallery<\/a><\/div><div class=\"gt-text\"><p>Quisque eu arcu in dolor accumsan sollicitudin sit amet quis sem. Nullam justo nulla, efficitur ac elit nec, suscipit finibus quam. Duis metus felis, semper et sapien vitae porttitor.<\/p>\n<\/div><div class=\"gt-line\"><\/div><div class=\"gt-details\"><div class=\"gt-detail-item\" title=\"Opening Hours\" gt-tooltip=\"true\"><div class=\"gt-icon\"><svg xmlns=\"http:\/\/www.w3.org\/2000\/svg\" width=\"24\" height=\"24\" viewBox=\"0 0 24 24\" fill=\"none\" stroke=\"currentColor\" stroke-width=\"2\" stroke-linecap=\"round\" stroke-linejoin=\"round\"><circle cx=\"12\" cy=\"12\" r=\"10\"><\/circle><polyline points=\"12 6 12 12 16 14\"><\/polyline><\/svg><\/div>9:30 - 18:00, Monday Until 20:00<\/div><div class=\"gt-detail-item\" title=\"Address\" gt-tooltip=\"true\"><div class=\"gt-icon\"><svg xmlns=\"http:\/\/www.w3.org\/2000\/svg\" width=\"24\" height=\"24\" viewBox=\"0 0 24 24\" fill=\"none\" stroke=\"currentColor\" stroke-width=\"2\" stroke-linecap=\"round\" stroke-linejoin=\"round\"><polygon points=\"1 6 1 22 8 18 16 22 23 18 23 2 16 6 8 2 1 6\"><\/polygon><line x1=\"8\" y1=\"2\" x2=\"8\" y2=\"18\"><\/line><line x1=\"16\" y1=\"6\" x2=\"16\" y2=\"22\"><\/line><\/svg><\/div>1220 5th Ave, New York, NY 10029, USA<\/div><\/div><\/div><\/div><\/div><div class=\"gt-grid-col\"><div class=\"gt-item\"><div class=\"gt-image\"><a href=\"https:\/\/loquet.le-co.fr\/index.php\/museum\/great-architecture-museum\/\"><img width=\"590\" height=\"440\" src=\"https:\/\/loquet.le-co.fr\/wp-content\/uploads\/2021\/09\/museum-directory-15-590x440.jpg\" class=\"attachment-loquet-museum-1 size-loquet-museum-1 wp-post-image\" alt=\"\" loading=\"lazy\" \/><\/a><\/div><div class=\"gt-content\"><div class=\"gt-category\"><ul><li><a href=\"https:\/\/loquet.le-co.fr\/index.php\/museum-category\/cemetery\/?post_type=museum\">Cemetery<\/a><\/li><\/ul><\/div><div class=\"gt-title\"><a href=\"https:\/\/loquet.le-co.fr\/index.php\/museum\/great-architecture-museum\/\">Great Architecture Museum<\/a><\/div><div class=\"gt-text\"><p>Quisque eu arcu in dolor accumsan sollicitudin sit amet quis sem. Nullam justo nulla, efficitur ac elit nec, suscipit finibus quam. Duis metus felis, semper et sapien vitae porttitor.<\/p>\n<\/div><div class=\"gt-line\"><\/div><div class=\"gt-details\"><div class=\"gt-detail-item\" title=\"Opening Hours\" gt-tooltip=\"true\"><div class=\"gt-icon\"><svg xmlns=\"http:\/\/www.w3.org\/2000\/svg\" width=\"24\" height=\"24\" viewBox=\"0 0 24 24\" fill=\"none\" stroke=\"currentColor\" stroke-width=\"2\" stroke-linecap=\"round\" stroke-linejoin=\"round\"><circle cx=\"12\" cy=\"12\" r=\"10\"><\/circle><polyline points=\"12 6 12 12 16 14\"><\/polyline><\/svg><\/div>9:30 - 18:00, Monday Until 20:00<\/div><div class=\"gt-detail-item\" title=\"Address\" gt-tooltip=\"true\"><div class=\"gt-icon\"><svg xmlns=\"http:\/\/www.w3.org\/2000\/svg\" width=\"24\" height=\"24\" viewBox=\"0 0 24 24\" fill=\"none\" stroke=\"currentColor\" stroke-width=\"2\" stroke-linecap=\"round\" stroke-linejoin=\"round\"><polygon points=\"1 6 1 22 8 18 16 22 23 18 23 2 16 6 8 2 1 6\"><\/polygon><line x1=\"8\" y1=\"2\" x2=\"8\" y2=\"18\"><\/line><line x1=\"16\" y1=\"6\" x2=\"16\" y2=\"22\"><\/line><\/svg><\/div>Binbirdirek, Atmeydan\u0131 Cd. No:12, 34122 Fatih\/\u0130stanbul, Turkey<\/div><\/div><\/div><\/div><\/div><div class=\"gt-grid-col\"><div class=\"gt-item\"><div class=\"gt-image\"><a href=\"https:\/\/loquet.le-co.fr\/index.php\/museum\/royal-museum-of-the-globe\/\"><img width=\"590\" height=\"440\" src=\"https:\/\/loquet.le-co.fr\/wp-content\/uploads\/2021\/09\/museum-directory-12-590x440.jpg\" class=\"attachment-loquet-museum-1 size-loquet-museum-1 wp-post-image\" alt=\"\" loading=\"lazy\" \/><\/a><\/div><div class=\"gt-content\"><div class=\"gt-category\"><ul><li><a href=\"https:\/\/loquet.le-co.fr\/index.php\/museum-category\/art\/?post_type=museum\">Art<\/a><\/li><\/ul><\/div><div class=\"gt-title\"><a href=\"https:\/\/loquet.le-co.fr\/index.php\/museum\/royal-museum-of-the-globe\/\">Royal Museum of the Globe<\/a><\/div><div class=\"gt-text\"><p>Quisque eu arcu in dolor accumsan sollicitudin sit amet quis sem. Nullam justo nulla, efficitur ac elit nec, suscipit finibus quam. Duis metus felis, semper et sapien vitae porttitor.<\/p>\n<\/div><div class=\"gt-line\"><\/div><div class=\"gt-details\"><div class=\"gt-detail-item\" title=\"Opening Hours\" gt-tooltip=\"true\"><div class=\"gt-icon\"><svg xmlns=\"http:\/\/www.w3.org\/2000\/svg\" width=\"24\" height=\"24\" viewBox=\"0 0 24 24\" fill=\"none\" stroke=\"currentColor\" stroke-width=\"2\" stroke-linecap=\"round\" stroke-linejoin=\"round\"><circle cx=\"12\" cy=\"12\" r=\"10\"><\/circle><polyline points=\"12 6 12 12 16 14\"><\/polyline><\/svg><\/div>9:30 - 18:00, Monday Until 20:00<\/div><div class=\"gt-detail-item\" title=\"Address\" gt-tooltip=\"true\"><div class=\"gt-icon\"><svg xmlns=\"http:\/\/www.w3.org\/2000\/svg\" width=\"24\" height=\"24\" viewBox=\"0 0 24 24\" fill=\"none\" stroke=\"currentColor\" stroke-width=\"2\" stroke-linecap=\"round\" stroke-linejoin=\"round\"><polygon points=\"1 6 1 22 8 18 16 22 23 18 23 2 16 6 8 2 1 6\"><\/polygon><line x1=\"8\" y1=\"2\" x2=\"8\" y2=\"18\"><\/line><line x1=\"16\" y1=\"6\" x2=\"16\" y2=\"22\"><\/line><\/svg><\/div>Vi\u015fnezade Mh., Vi\u015fnezade, 34357 Be\u015fikta\u015f\/\u0130stanbul, Turkey<\/div><\/div><\/div><\/div><\/div><div class=\"gt-grid-col\"><div class=\"gt-item\"><div class=\"gt-image\"><a href=\"https:\/\/loquet.le-co.fr\/index.php\/museum\/museum-of-costumes\/\"><img width=\"590\" height=\"440\" src=\"https:\/\/loquet.le-co.fr\/wp-content\/uploads\/2021\/09\/museum-directory-16-590x440.jpg\" class=\"attachment-loquet-museum-1 size-loquet-museum-1 wp-post-image\" alt=\"\" loading=\"lazy\" \/><\/a><\/div><div class=\"gt-content\"><div class=\"gt-category\"><ul><li><a href=\"https:\/\/loquet.le-co.fr\/index.php\/museum-category\/culture\/?post_type=museum\">Culture<\/a><\/li><li><a href=\"https:\/\/loquet.le-co.fr\/index.php\/museum-category\/history\/?post_type=museum\">History<\/a><\/li><\/ul><\/div><div class=\"gt-title\"><a href=\"https:\/\/loquet.le-co.fr\/index.php\/museum\/museum-of-costumes\/\">Museum of Costumes<\/a><\/div><div class=\"gt-text\"><p>Quisque eu arcu in dolor accumsan sollicitudin sit amet quis sem. Nullam justo nulla, efficitur ac elit nec, suscipit finibus quam. Duis metus felis, semper et sapien vitae porttitor.<\/p>\n<\/div><div class=\"gt-line\"><\/div><div class=\"gt-details\"><div class=\"gt-detail-item\" title=\"Opening Hours\" gt-tooltip=\"true\"><div class=\"gt-icon\"><svg xmlns=\"http:\/\/www.w3.org\/2000\/svg\" width=\"24\" height=\"24\" viewBox=\"0 0 24 24\" fill=\"none\" stroke=\"currentColor\" stroke-width=\"2\" stroke-linecap=\"round\" stroke-linejoin=\"round\"><circle cx=\"12\" cy=\"12\" r=\"10\"><\/circle><polyline points=\"12 6 12 12 16 14\"><\/polyline><\/svg><\/div>9:30 - 18:00, Monday Until 20:00<\/div><div class=\"gt-detail-item\" title=\"Address\" gt-tooltip=\"true\"><div class=\"gt-icon\"><svg xmlns=\"http:\/\/www.w3.org\/2000\/svg\" width=\"24\" height=\"24\" viewBox=\"0 0 24 24\" fill=\"none\" stroke=\"currentColor\" stroke-width=\"2\" stroke-linecap=\"round\" stroke-linejoin=\"round\"><polygon points=\"1 6 1 22 8 18 16 22 23 18 23 2 16 6 8 2 1 6\"><\/polygon><line x1=\"8\" y1=\"2\" x2=\"8\" y2=\"18\"><\/line><line x1=\"16\" y1=\"6\" x2=\"16\" y2=\"22\"><\/line><\/svg><\/div>150 London Wall, Barbican, London EC2Y 5HN, UK<\/div><\/div><\/div><\/div><\/div><div class=\"gt-grid-col\"><div class=\"gt-item\"><div class=\"gt-image\"><a href=\"https:\/\/loquet.le-co.fr\/index.php\/museum\/international-submarine-museum\/\"><img width=\"590\" height=\"440\" src=\"https:\/\/loquet.le-co.fr\/wp-content\/uploads\/2021\/09\/museum-directory-17-590x440.jpg\" class=\"attachment-loquet-museum-1 size-loquet-museum-1 wp-post-image\" alt=\"\" loading=\"lazy\" \/><\/a><\/div><div class=\"gt-content\"><div class=\"gt-category\"><ul><li><a href=\"https:\/\/loquet.le-co.fr\/index.php\/museum-category\/general\/?post_type=museum\">General<\/a><\/li><\/ul><\/div><div class=\"gt-title\"><a href=\"https:\/\/loquet.le-co.fr\/index.php\/museum\/international-submarine-museum\/\">International Submarine Museum<\/a><\/div><div class=\"gt-text\"><p>Quisque eu arcu in dolor accumsan sollicitudin sit amet quis sem. Nullam justo nulla, efficitur ac elit nec, suscipit finibus quam. Duis metus felis, semper et sapien vitae porttitor.<\/p>\n<\/div><div class=\"gt-line\"><\/div><div class=\"gt-details\"><div class=\"gt-detail-item\" title=\"Opening Hours\" gt-tooltip=\"true\"><div class=\"gt-icon\"><svg xmlns=\"http:\/\/www.w3.org\/2000\/svg\" width=\"24\" height=\"24\" viewBox=\"0 0 24 24\" fill=\"none\" stroke=\"currentColor\" stroke-width=\"2\" stroke-linecap=\"round\" stroke-linejoin=\"round\"><circle cx=\"12\" cy=\"12\" r=\"10\"><\/circle><polyline points=\"12 6 12 12 16 14\"><\/polyline><\/svg><\/div>9:30 - 18:00, Monday Until 20:00<\/div><div class=\"gt-detail-item\" title=\"Address\" gt-tooltip=\"true\"><div class=\"gt-icon\"><svg xmlns=\"http:\/\/www.w3.org\/2000\/svg\" width=\"24\" height=\"24\" viewBox=\"0 0 24 24\" fill=\"none\" stroke=\"currentColor\" stroke-width=\"2\" stroke-linecap=\"round\" stroke-linejoin=\"round\"><polygon points=\"1 6 1 22 8 18 16 22 23 18 23 2 16 6 8 2 1 6\"><\/polygon><line x1=\"8\" y1=\"2\" x2=\"8\" y2=\"18\"><\/line><line x1=\"16\" y1=\"6\" x2=\"16\" y2=\"22\"><\/line><\/svg><\/div>Bodestra\u00dfe 1-3, 10178 Berlin, Germany<\/div><\/div><\/div><\/div><\/div><div class=\"gt-grid-col\"><div class=\"gt-item\"><div class=\"gt-image\"><a href=\"https:\/\/loquet.le-co.fr\/index.php\/museum\/magnetism-gallery\/\"><img width=\"590\" height=\"440\" src=\"https:\/\/loquet.le-co.fr\/wp-content\/uploads\/2021\/09\/museum-directory-19-590x440.jpg\" class=\"attachment-loquet-museum-1 size-loquet-museum-1 wp-post-image\" alt=\"\" loading=\"lazy\" \/><\/a><\/div><div class=\"gt-content\"><div class=\"gt-category\"><ul><li><a href=\"https:\/\/loquet.le-co.fr\/index.php\/museum-category\/historic-house\/?post_type=museum\">Historic House<\/a><\/li><\/ul><\/div><div class=\"gt-title\"><a href=\"https:\/\/loquet.le-co.fr\/index.php\/museum\/magnetism-gallery\/\">Magnetism Gallery<\/a><\/div><div class=\"gt-text\"><p>Quisque eu arcu in dolor accumsan sollicitudin sit amet quis sem. Nullam justo nulla, efficitur ac elit nec, suscipit finibus quam. Duis metus felis, semper et sapien vitae porttitor.<\/p>\n<\/div><div class=\"gt-line\"><\/div><div class=\"gt-details\"><div class=\"gt-detail-item\" title=\"Opening Hours\" gt-tooltip=\"true\"><div class=\"gt-icon\"><svg xmlns=\"http:\/\/www.w3.org\/2000\/svg\" width=\"24\" height=\"24\" viewBox=\"0 0 24 24\" fill=\"none\" stroke=\"currentColor\" stroke-width=\"2\" stroke-linecap=\"round\" stroke-linejoin=\"round\"><circle cx=\"12\" cy=\"12\" r=\"10\"><\/circle><polyline points=\"12 6 12 12 16 14\"><\/polyline><\/svg><\/div>9:30 - 18:00, Monday Until 20:00<\/div><div class=\"gt-detail-item\" title=\"Address\" gt-tooltip=\"true\"><div class=\"gt-icon\"><svg xmlns=\"http:\/\/www.w3.org\/2000\/svg\" width=\"24\" height=\"24\" viewBox=\"0 0 24 24\" fill=\"none\" stroke=\"currentColor\" stroke-width=\"2\" stroke-linecap=\"round\" stroke-linejoin=\"round\"><polygon points=\"1 6 1 22 8 18 16 22 23 18 23 2 16 6 8 2 1 6\"><\/polygon><line x1=\"8\" y1=\"2\" x2=\"8\" y2=\"18\"><\/line><line x1=\"16\" y1=\"6\" x2=\"16\" y2=\"22\"><\/line><\/svg><\/div>Viale Alfa Romeo, 20020 Arese MI, Italy<\/div><\/div><\/div><\/div><\/div><div class=\"gt-grid-col\"><div class=\"gt-item\"><div class=\"gt-image\"><a href=\"https:\/\/loquet.le-co.fr\/index.php\/museum\/anthropology-museum\/\"><img width=\"590\" height=\"440\" src=\"https:\/\/loquet.le-co.fr\/wp-content\/uploads\/2021\/09\/museum-directory-9-590x440.jpg\" class=\"attachment-loquet-museum-1 size-loquet-museum-1 wp-post-image\" alt=\"\" loading=\"lazy\" \/><\/a><\/div><div class=\"gt-content\"><div class=\"gt-category\"><ul><li><a href=\"https:\/\/loquet.le-co.fr\/index.php\/museum-category\/history\/?post_type=museum\">History<\/a><\/li><\/ul><\/div><div class=\"gt-title\"><a href=\"https:\/\/loquet.le-co.fr\/index.php\/museum\/anthropology-museum\/\">Anthropology Museum<\/a><\/div><div class=\"gt-text\"><p>Quisque eu arcu in dolor accumsan sollicitudin sit amet quis sem. Nullam justo nulla, efficitur ac elit nec, suscipit finibus quam. Duis metus felis, semper et sapien vitae porttitor.<\/p>\n<\/div><div class=\"gt-line\"><\/div><div class=\"gt-details\"><div class=\"gt-detail-item\" title=\"Opening Hours\" gt-tooltip=\"true\"><div class=\"gt-icon\"><svg xmlns=\"http:\/\/www.w3.org\/2000\/svg\" width=\"24\" height=\"24\" viewBox=\"0 0 24 24\" fill=\"none\" stroke=\"currentColor\" stroke-width=\"2\" stroke-linecap=\"round\" stroke-linejoin=\"round\"><circle cx=\"12\" cy=\"12\" r=\"10\"><\/circle><polyline points=\"12 6 12 12 16 14\"><\/polyline><\/svg><\/div>9:30 - 18:00, Monday Until 20:00<\/div><div class=\"gt-detail-item\" title=\"Address\" gt-tooltip=\"true\"><div class=\"gt-icon\"><svg xmlns=\"http:\/\/www.w3.org\/2000\/svg\" width=\"24\" height=\"24\" viewBox=\"0 0 24 24\" fill=\"none\" stroke=\"currentColor\" stroke-width=\"2\" stroke-linecap=\"round\" stroke-linejoin=\"round\"><polygon points=\"1 6 1 22 8 18 16 22 23 18 23 2 16 6 8 2 1 6\"><\/polygon><line x1=\"8\" y1=\"2\" x2=\"8\" y2=\"18\"><\/line><line x1=\"16\" y1=\"6\" x2=\"16\" y2=\"22\"><\/line><\/svg><\/div>6 Pl. d'I\u00e9na, 75116 Paris, France<\/div><\/div><\/div><\/div><\/div><div class=\"gt-grid-col\"><div class=\"gt-item\"><div class=\"gt-image\"><a href=\"https:\/\/loquet.le-co.fr\/index.php\/museum\/national-museum-of-aerospace\/\"><img width=\"590\" height=\"440\" src=\"https:\/\/loquet.le-co.fr\/wp-content\/uploads\/2021\/09\/museum-directory-8-590x440.jpg\" class=\"attachment-loquet-museum-1 size-loquet-museum-1 wp-post-image\" alt=\"\" loading=\"lazy\" \/><\/a><\/div><div class=\"gt-content\"><div class=\"gt-category\"><ul><li><a href=\"https:\/\/loquet.le-co.fr\/index.php\/museum-category\/library\/?post_type=museum\">Library<\/a><\/li><\/ul><\/div><div class=\"gt-title\"><a href=\"https:\/\/loquet.le-co.fr\/index.php\/museum\/national-museum-of-aerospace\/\">National Museum of Aerospace<\/a><\/div><div class=\"gt-text\"><p>Quisque eu arcu in dolor accumsan sollicitudin sit amet quis sem. Nullam justo nulla, efficitur ac elit nec, suscipit finibus quam. Duis metus felis, semper et sapien vitae porttitor.<\/p>\n<\/div><div class=\"gt-line\"><\/div><div class=\"gt-details\"><div class=\"gt-detail-item\" title=\"Opening Hours\" gt-tooltip=\"true\"><div class=\"gt-icon\"><svg xmlns=\"http:\/\/www.w3.org\/2000\/svg\" width=\"24\" height=\"24\" viewBox=\"0 0 24 24\" fill=\"none\" stroke=\"currentColor\" stroke-width=\"2\" stroke-linecap=\"round\" stroke-linejoin=\"round\"><circle cx=\"12\" cy=\"12\" r=\"10\"><\/circle><polyline points=\"12 6 12 12 16 14\"><\/polyline><\/svg><\/div>9:30 - 18:00, Monday Until 20:00<\/div><div class=\"gt-detail-item\" title=\"Address\" gt-tooltip=\"true\"><div class=\"gt-icon\"><svg xmlns=\"http:\/\/www.w3.org\/2000\/svg\" width=\"24\" height=\"24\" viewBox=\"0 0 24 24\" fill=\"none\" stroke=\"currentColor\" stroke-width=\"2\" stroke-linecap=\"round\" stroke-linejoin=\"round\"><polygon points=\"1 6 1 22 8 18 16 22 23 18 23 2 16 6 8 2 1 6\"><\/polygon><line x1=\"8\" y1=\"2\" x2=\"8\" y2=\"18\"><\/line><line x1=\"16\" y1=\"6\" x2=\"16\" y2=\"22\"><\/line><\/svg><\/div>1220 5th Ave, New York, NY 10029, USA<\/div><\/div><\/div><\/div><\/div><div class=\"gt-grid-col\"><div class=\"gt-item\"><div class=\"gt-image\"><a href=\"https:\/\/loquet.le-co.fr\/index.php\/museum\/grand-institute-of-theater\/\"><img width=\"590\" height=\"440\" src=\"https:\/\/loquet.le-co.fr\/wp-content\/uploads\/2021\/09\/museum-directory-2-590x440.jpg\" class=\"attachment-loquet-museum-1 size-loquet-museum-1 wp-post-image\" alt=\"\" loading=\"lazy\" \/><\/a><\/div><div class=\"gt-content\"><div class=\"gt-category\"><ul><li><a href=\"https:\/\/loquet.le-co.fr\/index.php\/museum-category\/military\/?post_type=museum\">Military<\/a><\/li><\/ul><\/div><div class=\"gt-title\"><a href=\"https:\/\/loquet.le-co.fr\/index.php\/museum\/grand-institute-of-theater\/\">Grand Institute of Theater<\/a><\/div><div class=\"gt-text\"><p>Quisque eu arcu in dolor accumsan sollicitudin sit amet quis sem. Nullam justo nulla, efficitur ac elit nec, suscipit finibus quam. Duis metus felis, semper et sapien vitae porttitor.<\/p>\n<\/div><div class=\"gt-line\"><\/div><div class=\"gt-details\"><div class=\"gt-detail-item\" title=\"Opening Hours\" gt-tooltip=\"true\"><div class=\"gt-icon\"><svg xmlns=\"http:\/\/www.w3.org\/2000\/svg\" width=\"24\" height=\"24\" viewBox=\"0 0 24 24\" fill=\"none\" stroke=\"currentColor\" stroke-width=\"2\" stroke-linecap=\"round\" stroke-linejoin=\"round\"><circle cx=\"12\" cy=\"12\" r=\"10\"><\/circle><polyline points=\"12 6 12 12 16 14\"><\/polyline><\/svg><\/div>9:30 - 18:00, Monday Until 20:00<\/div><div class=\"gt-detail-item\" title=\"Address\" gt-tooltip=\"true\"><div class=\"gt-icon\"><svg xmlns=\"http:\/\/www.w3.org\/2000\/svg\" width=\"24\" height=\"24\" viewBox=\"0 0 24 24\" fill=\"none\" stroke=\"currentColor\" stroke-width=\"2\" stroke-linecap=\"round\" stroke-linejoin=\"round\"><polygon points=\"1 6 1 22 8 18 16 22 23 18 23 2 16 6 8 2 1 6\"><\/polygon><line x1=\"8\" y1=\"2\" x2=\"8\" y2=\"18\"><\/line><line x1=\"16\" y1=\"6\" x2=\"16\" y2=\"22\"><\/line><\/svg><\/div>1 Main St, New Madrid, MO 63869, USA<\/div><\/div><\/div><\/div><\/div><\/div><div class=\"gt-pagination gt-style-1 gt-light gt-align-center\"><ul class='page-numbers'>\n\t<li><span aria-current=\"page\" class=\"page-numbers current\">1<\/span><\/li>\n\t<li><a class=\"page-numbers\" href=\"https:\/\/loquet.le-co.fr\/index.php\/wp-json\/wp\/v2\/pages\/3332\/page\/2\/\">2<\/a><\/li>\n<\/ul>\n<\/div><\/div>\t\t<\/div>\n\t\t\t\t<\/div>\n\t\t\t\t\t<\/div>\n\t\t<\/div>\n\t\t\t\t\t\t\t<\/div>\n\t\t<\/section>\n\t\t\t\t\t\t<\/div>\n\t\t\t\t\t<\/div>\n\t\t","protected":false},"excerpt":{"rendered":"<p>Anthropology Archer Historical Society The Archer Historical Society Presents The Annual Yulee Railroad Day&#8217;s Celebration. The Archer Historical Society&#8217;s newly developed plan for the Yulee&#8230;<\/p>\n","protected":false},"author":1,"featured_media":0,"parent":0,"menu_order":0,"comment_status":"closed","ping_status":"closed","template":"","meta":[],"_links":{"self":[{"href":"https:\/\/loquet.le-co.fr\/index.php\/wp-json\/wp\/v2\/pages\/3332"}],"collection":[{"href":"https:\/\/loquet.le-co.fr\/index.php\/wp-json\/wp\/v2\/pages"}],"about":[{"href":"https:\/\/loquet.le-co.fr\/index.php\/wp-json\/wp\/v2\/types\/page"}],"author":[{"embeddable":true,"href":"https:\/\/loquet.le-co.fr\/index.php\/wp-json\/wp\/v2\/users\/1"}],"replies":[{"embeddable":true,"href":"https:\/\/loquet.le-co.fr\/index.php\/wp-json\/wp\/v2\/comments?post=3332"}],"version-history":[{"count":0,"href":"https:\/\/loquet.le-co.fr\/index.php\/wp-json\/wp\/v2\/pages\/3332\/revisions"}],"wp:attachment":[{"href":"https:\/\/loquet.le-co.fr\/index.php\/wp-json\/wp\/v2\/media?parent=3332"}],"curies":[{"name":"wp","href":"https:\/\/api.w.org\/{rel}","templated":true}]}}