{"id":3330,"date":"2021-09-29T20:43:52","date_gmt":"2021-09-29T20:43:52","guid":{"rendered":"https:\/\/demo.gloriathemes.com\/loquet\/demo\/?page_id=3330"},"modified":"2021-09-29T20:43:52","modified_gmt":"2021-09-29T20:43:52","slug":"museum-listing-3","status":"publish","type":"page","link":"https:\/\/loquet.le-co.fr\/index.php\/museum-listing-3\/","title":{"rendered":"Museum Listing 3"},"content":{"rendered":"\t\t<div data-elementor-type=\"wp-page\" data-elementor-id=\"3330\" class=\"elementor elementor-3330\" data-elementor-settings=\"[]\">\n\t\t\t\t\t\t\t<div class=\"elementor-section-wrap\">\n\t\t\t\t\t\t\t<section class=\"elementor-section elementor-top-section elementor-element elementor-element-fd0126b elementor-section-height-min-height elementor-section-stretched elementor-section-boxed elementor-section-height-default elementor-section-items-middle\" data-id=\"fd0126b\" data-element_type=\"section\" data-settings=\"{&quot;stretch_section&quot;:&quot;section-stretched&quot;,&quot;background_background&quot;:&quot;classic&quot;}\">\n\t\t\t\t\t\t\t<div class=\"elementor-background-overlay\"><\/div>\n\t\t\t\t\t\t\t<div class=\"elementor-container elementor-column-gap-no\">\n\t\t\t\t\t<div class=\"elementor-column elementor-col-100 elementor-top-column elementor-element elementor-element-62df029\" data-id=\"62df029\" data-element_type=\"column\">\n\t\t\t<div class=\"elementor-widget-wrap elementor-element-populated\">\n\t\t\t\t\t\t\t\t<div class=\"elementor-element elementor-element-75995bd elementor-widget elementor-widget-loquet-museum-search-widget\" data-id=\"75995bd\" data-element_type=\"widget\" data-widget_type=\"loquet-museum-search-widget.default\">\n\t\t\t\t<div class=\"elementor-widget-container\">\n\t\t\t<form role=\"search\" method=\"get\" action=\"https:\/\/loquet.le-co.fr\/\"><div class=\"gt-post-search-box gt-style-2 gt-light\"><div class=\"gt-inner\"><div class=\"gt-grid gt-grid-6 gt-spacing-0 gt-grid-space-between\"><div class=\"gt-grid-col\"><div class=\"gt-search-wrapper\"><input type=\"text\" value=\"\" placeholder=\"Enter a keyword\" autocomplete=\"off\" name=\"s\" \/><\/div><\/div><div class=\"gt-grid-col\"><select name=\"museum-category\" autocomplete=\"off\" class=\"gt-select gt-light\" placeholder=\"Category\"><option value=\"\">Category<\/option><option value=\"107\">Zoo<\/option><option value=\"106\">University<\/option><option value=\"97\">Specialized<\/option><option value=\"94\">Science<\/option><option value=\"86\">Planetarium<\/option><option value=\"85\">Park<\/option><option value=\"81\">Nature Centers<\/option><option value=\"80\">Natural History<\/option><option value=\"77\">Military<\/option><option value=\"67\">Library<\/option><option value=\"56\">History<\/option><option value=\"51\">Historical Society<\/option><option value=\"50\">Historic House<\/option><option value=\"45\">General<\/option><option value=\"36\">Culture<\/option><option value=\"35\">Cemetery<\/option><option value=\"32\">Botanical Garden<\/option><option value=\"24\">Art<\/option><option value=\"21\">Archaeology<\/option><option value=\"20\">Arboretum<\/option><option value=\"19\">Aquarium<\/option><option value=\"18\">Anthropology<\/option><\/select><\/div><div class=\"gt-grid-col\"><select name=\"museum-country\" autocomplete=\"off\" class=\"gt-select gt-light\" placeholder=\"Country\"><option value=\"\">Country<\/option><option value=\"99\">Stockholm<\/option><option value=\"84\">Paris<\/option><option value=\"83\">New York<\/option><option value=\"76\">Milano<\/option><option value=\"73\">Madrid<\/option><option value=\"70\">London<\/option><option value=\"69\">Lisbon<\/option><option value=\"58\">Istanbul<\/option><option value=\"28\">Berlin<\/option><\/select><\/div><div class=\"gt-grid-col\"><select name=\"museum-curator\" autocomplete=\"off\" class=\"gt-select gt-light\" placeholder=\"Curator\"><option value=\"\">Curator<\/option><option value=\"79\">Mustafa Kemal<\/option><option value=\"75\">Maria Christensen<\/option><option value=\"68\">Lisa S. Dann<\/option><option value=\"65\">Jerry Thomas<\/option><option value=\"63\">Jeffrey J. Brown<\/option><option value=\"61\">James C. Stevens<\/option><option value=\"16\">Anna Mann<\/option><\/select><\/div><div class=\"gt-grid-col\"><select name=\"museum-director\" autocomplete=\"off\" class=\"gt-select gt-light\" placeholder=\"Director\"><option value=\"\">Director<\/option><option value=\"95\">Shelia Clark<\/option><option value=\"66\">Kevin Hall<\/option><option value=\"34\">Brian G. Riddle<\/option><option value=\"17\">Annie Tucker<\/option><option value=\"15\">Adam Thompson<\/option><\/select><\/div><div class=\"gt-grid-col\"><button type=\"submit\" class=\"gt-style-1 gt-full-width\"><span>Search<\/span><\/button><\/div><\/div><\/div><\/div><input type=\"hidden\" name=\"post_type\" value=\"museum\" \/><\/form>\t\t<\/div>\n\t\t\t\t<\/div>\n\t\t\t\t\t<\/div>\n\t\t<\/div>\n\t\t\t\t\t\t\t<\/div>\n\t\t<\/section>\n\t\t\t\t<section class=\"elementor-section elementor-top-section elementor-element elementor-element-7addd98 elementor-section-boxed elementor-section-height-default elementor-section-height-default\" data-id=\"7addd98\" data-element_type=\"section\">\n\t\t\t\t\t\t<div class=\"elementor-container elementor-column-gap-no\">\n\t\t\t\t\t<div class=\"elementor-column elementor-col-100 elementor-top-column elementor-element elementor-element-f1d158a\" data-id=\"f1d158a\" data-element_type=\"column\">\n\t\t\t<div class=\"elementor-widget-wrap elementor-element-populated\">\n\t\t\t\t\t\t\t\t<div class=\"elementor-element elementor-element-28b6894 elementor-widget elementor-widget-loquet-museums-widget\" data-id=\"28b6894\" data-element_type=\"widget\" data-widget_type=\"loquet-museums-widget.default\">\n\t\t\t\t<div class=\"elementor-widget-container\">\n\t\t\t<div class=\"gt-museum-listing  gt-style-3 gt-light gt-align-center\"><div class=\"gt-grid gt-grid-1 gt-spacing-50\"><div class=\"gt-grid-col\"><div class=\"gt-item\"><div class=\"gt-image\"><a href=\"https:\/\/loquet.le-co.fr\/index.php\/museum\/archer-historical-society\/\"><img width=\"1200\" height=\"700\" src=\"https:\/\/loquet.le-co.fr\/wp-content\/uploads\/2021\/09\/museum-directory-20-1200x700.jpg\" class=\"attachment-loquet-post-3 size-loquet-post-3 wp-post-image\" alt=\"\" loading=\"lazy\" \/><\/a><\/div><div class=\"gt-content\"><div class=\"gt-category\"><ul><li><a href=\"https:\/\/loquet.le-co.fr\/index.php\/museum-category\/anthropology\/?post_type=museum\">Anthropology<\/a><\/li><\/ul><\/div><div class=\"gt-title\"><a href=\"https:\/\/loquet.le-co.fr\/index.php\/museum\/archer-historical-society\/\">Archer Historical Society<\/a><\/div><div class=\"gt-text\"><p>Quisque eu arcu in dolor accumsan sollicitudin sit amet quis sem. Nullam justo nulla, efficitur ac elit nec, suscipit finibus quam. Duis metus felis, semper et sapien vitae porttitor.<\/p>\n<\/div><div class=\"gt-line\"><\/div><div class=\"gt-details\"><div class=\"gt-detail-item\" title=\"Date of Establishment\" gt-tooltip=\"true\"><div class=\"gt-icon\"><svg xmlns=\"http:\/\/www.w3.org\/2000\/svg\" width=\"24\" height=\"24\" viewBox=\"0 0 24 24\" fill=\"none\" stroke=\"currentColor\" stroke-width=\"2\" stroke-linecap=\"round\" stroke-linejoin=\"round\"><rect x=\"3\" y=\"4\" width=\"18\" height=\"18\" rx=\"2\" ry=\"2\"><\/rect><line x1=\"16\" y1=\"2\" x2=\"16\" y2=\"6\"><\/line><line x1=\"8\" y1=\"2\" x2=\"8\" y2=\"6\"><\/line><line x1=\"3\" y1=\"10\" x2=\"21\" y2=\"10\"><\/line><\/svg><\/div>1985-09-13<\/div><div class=\"gt-detail-item\" title=\"Opening Hours\" gt-tooltip=\"true\"><div class=\"gt-icon\"><svg xmlns=\"http:\/\/www.w3.org\/2000\/svg\" width=\"24\" height=\"24\" viewBox=\"0 0 24 24\" fill=\"none\" stroke=\"currentColor\" stroke-width=\"2\" stroke-linecap=\"round\" stroke-linejoin=\"round\"><circle cx=\"12\" cy=\"12\" r=\"10\"><\/circle><polyline points=\"12 6 12 12 16 14\"><\/polyline><\/svg><\/div>9:30 - 18:00, Monday Until 20:00<\/div><div class=\"gt-detail-item\" title=\"Address\" gt-tooltip=\"true\"><div class=\"gt-icon\"><svg xmlns=\"http:\/\/www.w3.org\/2000\/svg\" width=\"24\" height=\"24\" viewBox=\"0 0 24 24\" fill=\"none\" stroke=\"currentColor\" stroke-width=\"2\" stroke-linecap=\"round\" stroke-linejoin=\"round\"><polygon points=\"1 6 1 22 8 18 16 22 23 18 23 2 16 6 8 2 1 6\"><\/polygon><line x1=\"8\" y1=\"2\" x2=\"8\" y2=\"18\"><\/line><line x1=\"16\" y1=\"6\" x2=\"16\" y2=\"22\"><\/line><\/svg><\/div>150 London Wall, Barbican, London EC2Y 8AA, Birle\u015fik Krall\u0131k<\/div><\/div><\/div><\/div><\/div><div class=\"gt-grid-col\"><div class=\"gt-item\"><div class=\"gt-image\"><a href=\"https:\/\/loquet.le-co.fr\/index.php\/museum\/silent-gallery\/\"><img width=\"1200\" height=\"700\" src=\"https:\/\/loquet.le-co.fr\/wp-content\/uploads\/2021\/09\/museum-directory-14-1200x700.jpg\" class=\"attachment-loquet-post-3 size-loquet-post-3 wp-post-image\" alt=\"\" loading=\"lazy\" \/><\/a><\/div><div class=\"gt-content\"><div class=\"gt-category\"><ul><li><a href=\"https:\/\/loquet.le-co.fr\/index.php\/museum-category\/botanical-garden\/?post_type=museum\">Botanical Garden<\/a><\/li><\/ul><\/div><div class=\"gt-title\"><a href=\"https:\/\/loquet.le-co.fr\/index.php\/museum\/silent-gallery\/\">Silent Gallery<\/a><\/div><div class=\"gt-text\"><p>Quisque eu arcu in dolor accumsan sollicitudin sit amet quis sem. Nullam justo nulla, efficitur ac elit nec, suscipit finibus quam. Duis metus felis, semper et sapien vitae porttitor.<\/p>\n<\/div><div class=\"gt-line\"><\/div><div class=\"gt-details\"><div class=\"gt-detail-item\" title=\"Date of Establishment\" gt-tooltip=\"true\"><div class=\"gt-icon\"><svg xmlns=\"http:\/\/www.w3.org\/2000\/svg\" width=\"24\" height=\"24\" viewBox=\"0 0 24 24\" fill=\"none\" stroke=\"currentColor\" stroke-width=\"2\" stroke-linecap=\"round\" stroke-linejoin=\"round\"><rect x=\"3\" y=\"4\" width=\"18\" height=\"18\" rx=\"2\" ry=\"2\"><\/rect><line x1=\"16\" y1=\"2\" x2=\"16\" y2=\"6\"><\/line><line x1=\"8\" y1=\"2\" x2=\"8\" y2=\"6\"><\/line><line x1=\"3\" y1=\"10\" x2=\"21\" y2=\"10\"><\/line><\/svg><\/div>1985-09-13<\/div><div class=\"gt-detail-item\" title=\"Opening Hours\" gt-tooltip=\"true\"><div class=\"gt-icon\"><svg xmlns=\"http:\/\/www.w3.org\/2000\/svg\" width=\"24\" height=\"24\" viewBox=\"0 0 24 24\" fill=\"none\" stroke=\"currentColor\" stroke-width=\"2\" stroke-linecap=\"round\" stroke-linejoin=\"round\"><circle cx=\"12\" cy=\"12\" r=\"10\"><\/circle><polyline points=\"12 6 12 12 16 14\"><\/polyline><\/svg><\/div>9:30 - 18:00, Monday Until 20:00<\/div><div class=\"gt-detail-item\" title=\"Address\" gt-tooltip=\"true\"><div class=\"gt-icon\"><svg xmlns=\"http:\/\/www.w3.org\/2000\/svg\" width=\"24\" height=\"24\" viewBox=\"0 0 24 24\" fill=\"none\" stroke=\"currentColor\" stroke-width=\"2\" stroke-linecap=\"round\" stroke-linejoin=\"round\"><polygon points=\"1 6 1 22 8 18 16 22 23 18 23 2 16 6 8 2 1 6\"><\/polygon><line x1=\"8\" y1=\"2\" x2=\"8\" y2=\"18\"><\/line><line x1=\"16\" y1=\"6\" x2=\"16\" y2=\"22\"><\/line><\/svg><\/div>1220 5th Ave, New York, NY 10029, USA<\/div><\/div><\/div><\/div><\/div><div class=\"gt-grid-col\"><div class=\"gt-item\"><div class=\"gt-image\"><a href=\"https:\/\/loquet.le-co.fr\/index.php\/museum\/great-architecture-museum\/\"><img width=\"1200\" height=\"700\" src=\"https:\/\/loquet.le-co.fr\/wp-content\/uploads\/2021\/09\/museum-directory-15-1200x700.jpg\" class=\"attachment-loquet-post-3 size-loquet-post-3 wp-post-image\" alt=\"\" loading=\"lazy\" \/><\/a><\/div><div class=\"gt-content\"><div class=\"gt-category\"><ul><li><a href=\"https:\/\/loquet.le-co.fr\/index.php\/museum-category\/cemetery\/?post_type=museum\">Cemetery<\/a><\/li><\/ul><\/div><div class=\"gt-title\"><a href=\"https:\/\/loquet.le-co.fr\/index.php\/museum\/great-architecture-museum\/\">Great Architecture Museum<\/a><\/div><div class=\"gt-text\"><p>Quisque eu arcu in dolor accumsan sollicitudin sit amet quis sem. Nullam justo nulla, efficitur ac elit nec, suscipit finibus quam. Duis metus felis, semper et sapien vitae porttitor.<\/p>\n<\/div><div class=\"gt-line\"><\/div><div class=\"gt-details\"><div class=\"gt-detail-item\" title=\"Date of Establishment\" gt-tooltip=\"true\"><div class=\"gt-icon\"><svg xmlns=\"http:\/\/www.w3.org\/2000\/svg\" width=\"24\" height=\"24\" viewBox=\"0 0 24 24\" fill=\"none\" stroke=\"currentColor\" stroke-width=\"2\" stroke-linecap=\"round\" stroke-linejoin=\"round\"><rect x=\"3\" y=\"4\" width=\"18\" height=\"18\" rx=\"2\" ry=\"2\"><\/rect><line x1=\"16\" y1=\"2\" x2=\"16\" y2=\"6\"><\/line><line x1=\"8\" y1=\"2\" x2=\"8\" y2=\"6\"><\/line><line x1=\"3\" y1=\"10\" x2=\"21\" y2=\"10\"><\/line><\/svg><\/div>1985-09-13<\/div><div class=\"gt-detail-item\" title=\"Opening Hours\" gt-tooltip=\"true\"><div class=\"gt-icon\"><svg xmlns=\"http:\/\/www.w3.org\/2000\/svg\" width=\"24\" height=\"24\" viewBox=\"0 0 24 24\" fill=\"none\" stroke=\"currentColor\" stroke-width=\"2\" stroke-linecap=\"round\" stroke-linejoin=\"round\"><circle cx=\"12\" cy=\"12\" r=\"10\"><\/circle><polyline points=\"12 6 12 12 16 14\"><\/polyline><\/svg><\/div>9:30 - 18:00, Monday Until 20:00<\/div><div class=\"gt-detail-item\" title=\"Address\" gt-tooltip=\"true\"><div class=\"gt-icon\"><svg xmlns=\"http:\/\/www.w3.org\/2000\/svg\" width=\"24\" height=\"24\" viewBox=\"0 0 24 24\" fill=\"none\" stroke=\"currentColor\" stroke-width=\"2\" stroke-linecap=\"round\" stroke-linejoin=\"round\"><polygon points=\"1 6 1 22 8 18 16 22 23 18 23 2 16 6 8 2 1 6\"><\/polygon><line x1=\"8\" y1=\"2\" x2=\"8\" y2=\"18\"><\/line><line x1=\"16\" y1=\"6\" x2=\"16\" y2=\"22\"><\/line><\/svg><\/div>Binbirdirek, Atmeydan\u0131 Cd. No:12, 34122 Fatih\/\u0130stanbul, Turkey<\/div><\/div><\/div><\/div><\/div><div class=\"gt-grid-col\"><div class=\"gt-item\"><div class=\"gt-image\"><a href=\"https:\/\/loquet.le-co.fr\/index.php\/museum\/royal-museum-of-the-globe\/\"><img width=\"1200\" height=\"700\" src=\"https:\/\/loquet.le-co.fr\/wp-content\/uploads\/2021\/09\/museum-directory-12-1200x700.jpg\" class=\"attachment-loquet-post-3 size-loquet-post-3 wp-post-image\" alt=\"\" loading=\"lazy\" \/><\/a><\/div><div class=\"gt-content\"><div class=\"gt-category\"><ul><li><a href=\"https:\/\/loquet.le-co.fr\/index.php\/museum-category\/art\/?post_type=museum\">Art<\/a><\/li><\/ul><\/div><div class=\"gt-title\"><a href=\"https:\/\/loquet.le-co.fr\/index.php\/museum\/royal-museum-of-the-globe\/\">Royal Museum of the Globe<\/a><\/div><div class=\"gt-text\"><p>Quisque eu arcu in dolor accumsan sollicitudin sit amet quis sem. Nullam justo nulla, efficitur ac elit nec, suscipit finibus quam. Duis metus felis, semper et sapien vitae porttitor.<\/p>\n<\/div><div class=\"gt-line\"><\/div><div class=\"gt-details\"><div class=\"gt-detail-item\" title=\"Date of Establishment\" gt-tooltip=\"true\"><div class=\"gt-icon\"><svg xmlns=\"http:\/\/www.w3.org\/2000\/svg\" width=\"24\" height=\"24\" viewBox=\"0 0 24 24\" fill=\"none\" stroke=\"currentColor\" stroke-width=\"2\" stroke-linecap=\"round\" stroke-linejoin=\"round\"><rect x=\"3\" y=\"4\" width=\"18\" height=\"18\" rx=\"2\" ry=\"2\"><\/rect><line x1=\"16\" y1=\"2\" x2=\"16\" y2=\"6\"><\/line><line x1=\"8\" y1=\"2\" x2=\"8\" y2=\"6\"><\/line><line x1=\"3\" y1=\"10\" x2=\"21\" y2=\"10\"><\/line><\/svg><\/div>1985-09-13<\/div><div class=\"gt-detail-item\" title=\"Opening Hours\" gt-tooltip=\"true\"><div class=\"gt-icon\"><svg xmlns=\"http:\/\/www.w3.org\/2000\/svg\" width=\"24\" height=\"24\" viewBox=\"0 0 24 24\" fill=\"none\" stroke=\"currentColor\" stroke-width=\"2\" stroke-linecap=\"round\" stroke-linejoin=\"round\"><circle cx=\"12\" cy=\"12\" r=\"10\"><\/circle><polyline points=\"12 6 12 12 16 14\"><\/polyline><\/svg><\/div>9:30 - 18:00, Monday Until 20:00<\/div><div class=\"gt-detail-item\" title=\"Address\" gt-tooltip=\"true\"><div class=\"gt-icon\"><svg xmlns=\"http:\/\/www.w3.org\/2000\/svg\" width=\"24\" height=\"24\" viewBox=\"0 0 24 24\" fill=\"none\" stroke=\"currentColor\" stroke-width=\"2\" stroke-linecap=\"round\" stroke-linejoin=\"round\"><polygon points=\"1 6 1 22 8 18 16 22 23 18 23 2 16 6 8 2 1 6\"><\/polygon><line x1=\"8\" y1=\"2\" x2=\"8\" y2=\"18\"><\/line><line x1=\"16\" y1=\"6\" x2=\"16\" y2=\"22\"><\/line><\/svg><\/div>Vi\u015fnezade Mh., Vi\u015fnezade, 34357 Be\u015fikta\u015f\/\u0130stanbul, Turkey<\/div><\/div><\/div><\/div><\/div><div class=\"gt-grid-col\"><div class=\"gt-item\"><div class=\"gt-image\"><a href=\"https:\/\/loquet.le-co.fr\/index.php\/museum\/museum-of-costumes\/\"><img width=\"1200\" height=\"700\" src=\"https:\/\/loquet.le-co.fr\/wp-content\/uploads\/2021\/09\/museum-directory-16-1200x700.jpg\" class=\"attachment-loquet-post-3 size-loquet-post-3 wp-post-image\" alt=\"\" loading=\"lazy\" \/><\/a><\/div><div class=\"gt-content\"><div class=\"gt-category\"><ul><li><a href=\"https:\/\/loquet.le-co.fr\/index.php\/museum-category\/culture\/?post_type=museum\">Culture<\/a><\/li><li><a href=\"https:\/\/loquet.le-co.fr\/index.php\/museum-category\/history\/?post_type=museum\">History<\/a><\/li><\/ul><\/div><div class=\"gt-title\"><a href=\"https:\/\/loquet.le-co.fr\/index.php\/museum\/museum-of-costumes\/\">Museum of Costumes<\/a><\/div><div class=\"gt-text\"><p>Quisque eu arcu in dolor accumsan sollicitudin sit amet quis sem. Nullam justo nulla, efficitur ac elit nec, suscipit finibus quam. Duis metus felis, semper et sapien vitae porttitor.<\/p>\n<\/div><div class=\"gt-line\"><\/div><div class=\"gt-details\"><div class=\"gt-detail-item\" title=\"Date of Establishment\" gt-tooltip=\"true\"><div class=\"gt-icon\"><svg xmlns=\"http:\/\/www.w3.org\/2000\/svg\" width=\"24\" height=\"24\" viewBox=\"0 0 24 24\" fill=\"none\" stroke=\"currentColor\" stroke-width=\"2\" stroke-linecap=\"round\" stroke-linejoin=\"round\"><rect x=\"3\" y=\"4\" width=\"18\" height=\"18\" rx=\"2\" ry=\"2\"><\/rect><line x1=\"16\" y1=\"2\" x2=\"16\" y2=\"6\"><\/line><line x1=\"8\" y1=\"2\" x2=\"8\" y2=\"6\"><\/line><line x1=\"3\" y1=\"10\" x2=\"21\" y2=\"10\"><\/line><\/svg><\/div>1985-09-13<\/div><div class=\"gt-detail-item\" title=\"Opening Hours\" gt-tooltip=\"true\"><div class=\"gt-icon\"><svg xmlns=\"http:\/\/www.w3.org\/2000\/svg\" width=\"24\" height=\"24\" viewBox=\"0 0 24 24\" fill=\"none\" stroke=\"currentColor\" stroke-width=\"2\" stroke-linecap=\"round\" stroke-linejoin=\"round\"><circle cx=\"12\" cy=\"12\" r=\"10\"><\/circle><polyline points=\"12 6 12 12 16 14\"><\/polyline><\/svg><\/div>9:30 - 18:00, Monday Until 20:00<\/div><div class=\"gt-detail-item\" title=\"Address\" gt-tooltip=\"true\"><div class=\"gt-icon\"><svg xmlns=\"http:\/\/www.w3.org\/2000\/svg\" width=\"24\" height=\"24\" viewBox=\"0 0 24 24\" fill=\"none\" stroke=\"currentColor\" stroke-width=\"2\" stroke-linecap=\"round\" stroke-linejoin=\"round\"><polygon points=\"1 6 1 22 8 18 16 22 23 18 23 2 16 6 8 2 1 6\"><\/polygon><line x1=\"8\" y1=\"2\" x2=\"8\" y2=\"18\"><\/line><line x1=\"16\" y1=\"6\" x2=\"16\" y2=\"22\"><\/line><\/svg><\/div>150 London Wall, Barbican, London EC2Y 5HN, UK<\/div><\/div><\/div><\/div><\/div><div class=\"gt-grid-col\"><div class=\"gt-item\"><div class=\"gt-image\"><a href=\"https:\/\/loquet.le-co.fr\/index.php\/museum\/international-submarine-museum\/\"><img width=\"1200\" height=\"700\" src=\"https:\/\/loquet.le-co.fr\/wp-content\/uploads\/2021\/09\/museum-directory-17-1200x700.jpg\" class=\"attachment-loquet-post-3 size-loquet-post-3 wp-post-image\" alt=\"\" loading=\"lazy\" \/><\/a><\/div><div class=\"gt-content\"><div class=\"gt-category\"><ul><li><a href=\"https:\/\/loquet.le-co.fr\/index.php\/museum-category\/general\/?post_type=museum\">General<\/a><\/li><\/ul><\/div><div class=\"gt-title\"><a href=\"https:\/\/loquet.le-co.fr\/index.php\/museum\/international-submarine-museum\/\">International Submarine Museum<\/a><\/div><div class=\"gt-text\"><p>Quisque eu arcu in dolor accumsan sollicitudin sit amet quis sem. Nullam justo nulla, efficitur ac elit nec, suscipit finibus quam. Duis metus felis, semper et sapien vitae porttitor.<\/p>\n<\/div><div class=\"gt-line\"><\/div><div class=\"gt-details\"><div class=\"gt-detail-item\" title=\"Date of Establishment\" gt-tooltip=\"true\"><div class=\"gt-icon\"><svg xmlns=\"http:\/\/www.w3.org\/2000\/svg\" width=\"24\" height=\"24\" viewBox=\"0 0 24 24\" fill=\"none\" stroke=\"currentColor\" stroke-width=\"2\" stroke-linecap=\"round\" stroke-linejoin=\"round\"><rect x=\"3\" y=\"4\" width=\"18\" height=\"18\" rx=\"2\" ry=\"2\"><\/rect><line x1=\"16\" y1=\"2\" x2=\"16\" y2=\"6\"><\/line><line x1=\"8\" y1=\"2\" x2=\"8\" y2=\"6\"><\/line><line x1=\"3\" y1=\"10\" x2=\"21\" y2=\"10\"><\/line><\/svg><\/div>1985-09-13<\/div><div class=\"gt-detail-item\" title=\"Opening Hours\" gt-tooltip=\"true\"><div class=\"gt-icon\"><svg xmlns=\"http:\/\/www.w3.org\/2000\/svg\" width=\"24\" height=\"24\" viewBox=\"0 0 24 24\" fill=\"none\" stroke=\"currentColor\" stroke-width=\"2\" stroke-linecap=\"round\" stroke-linejoin=\"round\"><circle cx=\"12\" cy=\"12\" r=\"10\"><\/circle><polyline points=\"12 6 12 12 16 14\"><\/polyline><\/svg><\/div>9:30 - 18:00, Monday Until 20:00<\/div><div class=\"gt-detail-item\" title=\"Address\" gt-tooltip=\"true\"><div class=\"gt-icon\"><svg xmlns=\"http:\/\/www.w3.org\/2000\/svg\" width=\"24\" height=\"24\" viewBox=\"0 0 24 24\" fill=\"none\" stroke=\"currentColor\" stroke-width=\"2\" stroke-linecap=\"round\" stroke-linejoin=\"round\"><polygon points=\"1 6 1 22 8 18 16 22 23 18 23 2 16 6 8 2 1 6\"><\/polygon><line x1=\"8\" y1=\"2\" x2=\"8\" y2=\"18\"><\/line><line x1=\"16\" y1=\"6\" x2=\"16\" y2=\"22\"><\/line><\/svg><\/div>Bodestra\u00dfe 1-3, 10178 Berlin, Germany<\/div><\/div><\/div><\/div><\/div><\/div><div class=\"gt-pagination gt-style-1 gt-light gt-align-center\"><ul class='page-numbers'>\n\t<li><span aria-current=\"page\" class=\"page-numbers current\">1<\/span><\/li>\n\t<li><a class=\"page-numbers\" href=\"https:\/\/loquet.le-co.fr\/index.php\/wp-json\/wp\/v2\/pages\/3330\/page\/2\/\">2<\/a><\/li>\n\t<li><a class=\"page-numbers\" href=\"https:\/\/loquet.le-co.fr\/index.php\/wp-json\/wp\/v2\/pages\/3330\/page\/3\/\">3<\/a><\/li>\n\t<li><a class=\"page-numbers\" href=\"https:\/\/loquet.le-co.fr\/index.php\/wp-json\/wp\/v2\/pages\/3330\/page\/4\/\">4<\/a><\/li>\n<\/ul>\n<\/div><\/div>\t\t<\/div>\n\t\t\t\t<\/div>\n\t\t\t\t\t<\/div>\n\t\t<\/div>\n\t\t\t\t\t\t\t<\/div>\n\t\t<\/section>\n\t\t\t\t\t\t<\/div>\n\t\t\t\t\t<\/div>\n\t\t","protected":false},"excerpt":{"rendered":"<p>CategoryZooUniversitySpecializedSciencePlanetariumParkNature CentersNatural HistoryMilitaryLibraryHistoryHistorical SocietyHistoric HouseGeneralCultureCemeteryBotanical GardenArtArchaeologyArboretumAquariumAnthropologyCountryStockholmParisNew YorkMilanoMadridLondonLisbonIstanbulBerlinCuratorMustafa KemalMaria ChristensenLisa S. DannJerry ThomasJeffrey J. BrownJames C. StevensAnna MannDirectorShelia ClarkKevin HallBrian G. RiddleAnnie TuckerAdam ThompsonSearch Anthropology Archer&#8230;<\/p>\n","protected":false},"author":1,"featured_media":0,"parent":0,"menu_order":0,"comment_status":"closed","ping_status":"closed","template":"","meta":[],"_links":{"self":[{"href":"https:\/\/loquet.le-co.fr\/index.php\/wp-json\/wp\/v2\/pages\/3330"}],"collection":[{"href":"https:\/\/loquet.le-co.fr\/index.php\/wp-json\/wp\/v2\/pages"}],"about":[{"href":"https:\/\/loquet.le-co.fr\/index.php\/wp-json\/wp\/v2\/types\/page"}],"author":[{"embeddable":true,"href":"https:\/\/loquet.le-co.fr\/index.php\/wp-json\/wp\/v2\/users\/1"}],"replies":[{"embeddable":true,"href":"https:\/\/loquet.le-co.fr\/index.php\/wp-json\/wp\/v2\/comments?post=3330"}],"version-history":[{"count":0,"href":"https:\/\/loquet.le-co.fr\/index.php\/wp-json\/wp\/v2\/pages\/3330\/revisions"}],"wp:attachment":[{"href":"https:\/\/loquet.le-co.fr\/index.php\/wp-json\/wp\/v2\/media?parent=3330"}],"curies":[{"name":"wp","href":"https:\/\/api.w.org\/{rel}","templated":true}]}}